{"id":183,"date":"2016-07-28T19:11:50","date_gmt":"2016-07-28T16:11:50","guid":{"rendered":"http:\/\/new.noveltechcenter.eu\/?page_id=183"},"modified":"2016-08-02T00:24:36","modified_gmt":"2016-08-01T21:24:36","slug":"tecnologia-difusion-iberica-tdi-spain","status":"publish","type":"page","link":"http:\/\/noveltechcenter.eu\/ro\/tecnologia-difusion-iberica-tdi-spain\/","title":{"rendered":"Tecnolog\u00eda Difusi\u00f3n Ib\u00e9rica (TDI) \u2013 Spania"},"content":{"rendered":"<p><img loading=\"lazy\" decoding=\"async\" class=\"aligncenter size-full wp-image-180\" src=\"http:\/\/new.noveltechcenter.eu\/wp-content\/uploads\/2016\/07\/TDI.jpg\" alt=\"TDI\" width=\"150\" height=\"150\" \/>FTIR Analizoare pentru vin, FTIR UV-Vis Analizoare, NIR Analizoare de vin, analizoare de vin chimic, o unitate de filtrare oenologic, instrumente pentru m\u0103surarea stabilit\u0103\u021bii tartrice.<\/p>","protected":false},"excerpt":{"rendered":"<p>FTIR Analizoare pentru vin, FTIR UV-Vis Analizoare, NIR Analizoare de vin, analizoare de vin chimic, o unitate de filtrare oenologic, instrumente pentru m\u0103surarea stabilit\u0103\u021bii tartrice.<\/p>\n","protected":false},"author":1,"featured_media":180,"parent":0,"menu_order":32,"comment_status":"closed","ping_status":"closed","template":"","meta":{"footnotes":""},"class_list":["post-183","page","type-page","status-publish","has-post-thumbnail","hentry"],"_links":{"self":[{"href":"http:\/\/noveltechcenter.eu\/ro\/wp-json\/wp\/v2\/pages\/183","targetHints":{"allow":["GET"]}}],"collection":[{"href":"http:\/\/noveltechcenter.eu\/ro\/wp-json\/wp\/v2\/pages"}],"about":[{"href":"http:\/\/noveltechcenter.eu\/ro\/wp-json\/wp\/v2\/types\/page"}],"author":[{"embeddable":true,"href":"http:\/\/noveltechcenter.eu\/ro\/wp-json\/wp\/v2\/users\/1"}],"replies":[{"embeddable":true,"href":"http:\/\/noveltechcenter.eu\/ro\/wp-json\/wp\/v2\/comments?post=183"}],"version-history":[{"count":2,"href":"http:\/\/noveltechcenter.eu\/ro\/wp-json\/wp\/v2\/pages\/183\/revisions"}],"predecessor-version":[{"id":385,"href":"http:\/\/noveltechcenter.eu\/ro\/wp-json\/wp\/v2\/pages\/183\/revisions\/385"}],"wp:featuredmedia":[{"embeddable":true,"href":"http:\/\/noveltechcenter.eu\/ro\/wp-json\/wp\/v2\/media\/180"}],"wp:attachment":[{"href":"http:\/\/noveltechcenter.eu\/ro\/wp-json\/wp\/v2\/media?parent=183"}],"curies":[{"name":"wp","href":"https:\/\/api.w.org\/{rel}","templated":true}]}}