{"id":169,"date":"2016-07-28T18:34:24","date_gmt":"2016-07-28T15:34:24","guid":{"rendered":"http:\/\/new.noveltechcenter.eu\/?page_id=169"},"modified":"2016-08-02T00:20:19","modified_gmt":"2016-08-01T21:20:19","slug":"smi-labhut-uk","status":"publish","type":"page","link":"https:\/\/noveltechcenter.eu\/ro\/smi-labhut-uk\/","title":{"rendered":"SMI-LabHut \u2013 UK"},"content":{"rendered":"<p><img loading=\"lazy\" decoding=\"async\" class=\"aligncenter size-full wp-image-172\" src=\"http:\/\/new.noveltechcenter.eu\/wp-content\/uploads\/2016\/07\/Labhut.jpg\" alt=\"Labhut\" width=\"150\" height=\"150\" \/>Consumabile &#8211; accesorii de analiz\u0103 farmaceutic\u0103 a tuturor produc\u0103torilor, l\u0103mpi de deuteriu \u0219i AAS, consumabile pentru cromatografie<\/p>","protected":false},"excerpt":{"rendered":"<p>Consumabile &#8211; accesorii de analiz\u0103 farmaceutic\u0103 a tuturor produc\u0103torilor, l\u0103mpi de deuteriu \u0219i AAS, consumabile pentru cromatografie<\/p>\n","protected":false},"author":1,"featured_media":172,"parent":0,"menu_order":11,"comment_status":"closed","ping_status":"closed","template":"","meta":{"footnotes":""},"class_list":["post-169","page","type-page","status-publish","has-post-thumbnail","hentry"],"_links":{"self":[{"href":"https:\/\/noveltechcenter.eu\/ro\/wp-json\/wp\/v2\/pages\/169","targetHints":{"allow":["GET"]}}],"collection":[{"href":"https:\/\/noveltechcenter.eu\/ro\/wp-json\/wp\/v2\/pages"}],"about":[{"href":"https:\/\/noveltechcenter.eu\/ro\/wp-json\/wp\/v2\/types\/page"}],"author":[{"embeddable":true,"href":"https:\/\/noveltechcenter.eu\/ro\/wp-json\/wp\/v2\/users\/1"}],"replies":[{"embeddable":true,"href":"https:\/\/noveltechcenter.eu\/ro\/wp-json\/wp\/v2\/comments?post=169"}],"version-history":[{"count":2,"href":"https:\/\/noveltechcenter.eu\/ro\/wp-json\/wp\/v2\/pages\/169\/revisions"}],"predecessor-version":[{"id":384,"href":"https:\/\/noveltechcenter.eu\/ro\/wp-json\/wp\/v2\/pages\/169\/revisions\/384"}],"wp:featuredmedia":[{"embeddable":true,"href":"https:\/\/noveltechcenter.eu\/ro\/wp-json\/wp\/v2\/media\/172"}],"wp:attachment":[{"href":"https:\/\/noveltechcenter.eu\/ro\/wp-json\/wp\/v2\/media?parent=169"}],"curies":[{"name":"wp","href":"https:\/\/api.w.org\/{rel}","templated":true}]}}