{"id":192,"date":"2016-07-28T19:59:08","date_gmt":"2016-07-28T16:59:08","guid":{"rendered":"http:\/\/new.noveltechcenter.eu\/?page_id=192"},"modified":"2016-08-02T00:05:30","modified_gmt":"2016-08-01T21:05:30","slug":"microtrac-u-s-a","status":"publish","type":"page","link":"https:\/\/noveltechcenter.eu\/ro\/microtrac-u-s-a\/","title":{"rendered":"Microtrac \u2013 U.S.A."},"content":{"rendered":"<p><img loading=\"lazy\" decoding=\"async\" class=\"aligncenter size-full wp-image-189\" src=\"http:\/\/new.noveltechcenter.eu\/wp-content\/uploads\/2016\/07\/Mircrotrac.jpg\" alt=\"Mircrotrac\" width=\"150\" height=\"150\" \/>Instrumente pentru m\u0103sur\u0103tori ale dimensiunilor particulelor, analiza potentialului Zeta, cu greutate molecular\u0103, Analiza de suprafa\u021b\u0103, Caracterizarea prafului, Contoare de particule<\/p>","protected":false},"excerpt":{"rendered":"<p>Instrumente pentru m\u0103sur\u0103tori ale dimensiunilor particulelor, analiza potentialului Zeta, cu greutate molecular\u0103, Analiza de suprafa\u021b\u0103, Caracterizarea prafului, Contoare de particule<\/p>\n","protected":false},"author":1,"featured_media":189,"parent":0,"menu_order":9,"comment_status":"closed","ping_status":"closed","template":"","meta":{"footnotes":""},"class_list":["post-192","page","type-page","status-publish","has-post-thumbnail","hentry"],"_links":{"self":[{"href":"https:\/\/noveltechcenter.eu\/ro\/wp-json\/wp\/v2\/pages\/192","targetHints":{"allow":["GET"]}}],"collection":[{"href":"https:\/\/noveltechcenter.eu\/ro\/wp-json\/wp\/v2\/pages"}],"about":[{"href":"https:\/\/noveltechcenter.eu\/ro\/wp-json\/wp\/v2\/types\/page"}],"author":[{"embeddable":true,"href":"https:\/\/noveltechcenter.eu\/ro\/wp-json\/wp\/v2\/users\/1"}],"replies":[{"embeddable":true,"href":"https:\/\/noveltechcenter.eu\/ro\/wp-json\/wp\/v2\/comments?post=192"}],"version-history":[{"count":2,"href":"https:\/\/noveltechcenter.eu\/ro\/wp-json\/wp\/v2\/pages\/192\/revisions"}],"predecessor-version":[{"id":381,"href":"https:\/\/noveltechcenter.eu\/ro\/wp-json\/wp\/v2\/pages\/192\/revisions\/381"}],"wp:featuredmedia":[{"embeddable":true,"href":"https:\/\/noveltechcenter.eu\/ro\/wp-json\/wp\/v2\/media\/189"}],"wp:attachment":[{"href":"https:\/\/noveltechcenter.eu\/ro\/wp-json\/wp\/v2\/media?parent=192"}],"curies":[{"name":"wp","href":"https:\/\/api.w.org\/{rel}","templated":true}]}}