{"id":2,"date":"2016-07-22T18:12:19","date_gmt":"2016-07-22T18:12:19","guid":{"rendered":"http:\/\/new.noveltechcenter.eu\/?page_id=2"},"modified":"2021-07-22T15:39:32","modified_gmt":"2021-07-22T12:39:32","slug":"sample-page","status":"publish","type":"page","link":"https:\/\/noveltechcenter.eu\/ro\/","title":{"rendered":"Oferta speciala!"},"content":{"rendered":"<p><\/p>\n<h3><img loading=\"lazy\" decoding=\"async\" class=\"aligncenter size-full wp-image-4\" src=\"http:\/\/new.noveltechcenter.eu\/wp-content\/uploads\/2016\/07\/Novel_header_photo.png\" alt=\"Novel_header_photo\" width=\"981\" height=\"344\" srcset=\"https:\/\/noveltechcenter.eu\/wp-content\/uploads\/2016\/07\/Novel_header_photo.png 981w, https:\/\/noveltechcenter.eu\/wp-content\/uploads\/2016\/07\/Novel_header_photo-300x105.png 300w, https:\/\/noveltechcenter.eu\/wp-content\/uploads\/2016\/07\/Novel_header_photo-768x269.png 768w\" sizes=\"auto, (max-width: 981px) 100vw, 981px\" \/><br \/>\nComanda acum ta HD Combo Industrial Edition 3D imprimant\u0103!<\/h3>\n<h3>\u00eencep\u00e2nd de la\u00a0<strong>49.999 \u20ac!<\/strong><\/h3>\n<p><\/p>","protected":false},"excerpt":{"rendered":"<p>Comanda acum ta HD Combo Industrial Edition 3D imprimant\u0103! \u00eencep\u00e2nd de la\u00a049.999 \u20ac!<\/p>\n","protected":false},"author":1,"featured_media":0,"parent":0,"menu_order":30,"comment_status":"closed","ping_status":"closed","template":"","meta":{"footnotes":""},"class_list":["post-2","page","type-page","status-publish","hentry"],"_links":{"self":[{"href":"https:\/\/noveltechcenter.eu\/ro\/wp-json\/wp\/v2\/pages\/2","targetHints":{"allow":["GET"]}}],"collection":[{"href":"https:\/\/noveltechcenter.eu\/ro\/wp-json\/wp\/v2\/pages"}],"about":[{"href":"https:\/\/noveltechcenter.eu\/ro\/wp-json\/wp\/v2\/types\/page"}],"author":[{"embeddable":true,"href":"https:\/\/noveltechcenter.eu\/ro\/wp-json\/wp\/v2\/users\/1"}],"replies":[{"embeddable":true,"href":"https:\/\/noveltechcenter.eu\/ro\/wp-json\/wp\/v2\/comments?post=2"}],"version-history":[{"count":12,"href":"https:\/\/noveltechcenter.eu\/ro\/wp-json\/wp\/v2\/pages\/2\/revisions"}],"predecessor-version":[{"id":607,"href":"https:\/\/noveltechcenter.eu\/ro\/wp-json\/wp\/v2\/pages\/2\/revisions\/607"}],"wp:attachment":[{"href":"https:\/\/noveltechcenter.eu\/ro\/wp-json\/wp\/v2\/media?parent=2"}],"curies":[{"name":"wp","href":"https:\/\/api.w.org\/{rel}","templated":true}]}}