{"id":211,"date":"2016-07-28T21:01:53","date_gmt":"2016-07-28T18:01:53","guid":{"rendered":"http:\/\/new.noveltechcenter.eu\/?page_id=211"},"modified":"2016-08-02T00:10:42","modified_gmt":"2016-08-01T21:10:42","slug":"selecta-spain","status":"publish","type":"page","link":"https:\/\/noveltechcenter.eu\/ro\/selecta-spain\/","title":{"rendered":"Selecta \u2013 Spania"},"content":{"rendered":"<p><img loading=\"lazy\" decoding=\"async\" class=\"aligncenter size-full wp-image-196\" src=\"http:\/\/new.noveltechcenter.eu\/wp-content\/uploads\/2016\/07\/Selecta.jpg\" alt=\"Selecta\" width=\"150\" height=\"150\" \/>Agitatoare magnetice cu sau f\u0103r\u0103 \u00eenc\u0103lzire, agitatoare de tip platform\u0103 \u0219i agitatoare cu rotor, b\u0103i de ap\u0103, centrifuge, cuptoare \u0219i incubatoare, autoclave, microscoape, unit\u0103\u021bi de distilare etc.<\/p>","protected":false},"excerpt":{"rendered":"<p>Agitatoare magnetice cu sau f\u0103r\u0103 \u00eenc\u0103lzire, agitatoare de tip platform\u0103 \u0219i agitatoare cu rotor, b\u0103i de ap\u0103, centrifuge, cuptoare \u0219i incubatoare, autoclave, microscoape, unit\u0103\u021bi de distilare etc.<\/p>\n","protected":false},"author":1,"featured_media":196,"parent":0,"menu_order":28,"comment_status":"closed","ping_status":"closed","template":"","meta":{"footnotes":""},"class_list":["post-211","page","type-page","status-publish","has-post-thumbnail","hentry"],"_links":{"self":[{"href":"https:\/\/noveltechcenter.eu\/ro\/wp-json\/wp\/v2\/pages\/211","targetHints":{"allow":["GET"]}}],"collection":[{"href":"https:\/\/noveltechcenter.eu\/ro\/wp-json\/wp\/v2\/pages"}],"about":[{"href":"https:\/\/noveltechcenter.eu\/ro\/wp-json\/wp\/v2\/types\/page"}],"author":[{"embeddable":true,"href":"https:\/\/noveltechcenter.eu\/ro\/wp-json\/wp\/v2\/users\/1"}],"replies":[{"embeddable":true,"href":"https:\/\/noveltechcenter.eu\/ro\/wp-json\/wp\/v2\/comments?post=211"}],"version-history":[{"count":2,"href":"https:\/\/noveltechcenter.eu\/ro\/wp-json\/wp\/v2\/pages\/211\/revisions"}],"predecessor-version":[{"id":383,"href":"https:\/\/noveltechcenter.eu\/ro\/wp-json\/wp\/v2\/pages\/211\/revisions\/383"}],"wp:featuredmedia":[{"embeddable":true,"href":"https:\/\/noveltechcenter.eu\/ro\/wp-json\/wp\/v2\/media\/196"}],"wp:attachment":[{"href":"https:\/\/noveltechcenter.eu\/ro\/wp-json\/wp\/v2\/media?parent=211"}],"curies":[{"name":"wp","href":"https:\/\/api.w.org\/{rel}","templated":true}]}}