{"id":238,"date":"2016-07-29T12:28:16","date_gmt":"2016-07-29T09:28:16","guid":{"rendered":"http:\/\/new.noveltechcenter.eu\/?page_id=238"},"modified":"2016-07-31T16:37:18","modified_gmt":"2016-07-31T13:37:18","slug":"scientific-consulting","status":"publish","type":"page","link":"https:\/\/noveltechcenter.eu\/ro\/scientific-consulting\/","title":{"rendered":"Consultan\u021b\u0103 \u0219tiin\u021bific\u0103"},"content":{"rendered":"<p>Obiectivelor \u0219tiin\u021bifice \u0219i propuneri pentru rezolvarea diverselor probleme adresate \u00eembun\u0103t\u0103\u021birii func\u021bion\u0103rii laboratoarelor industriale sau specializate<\/p>","protected":false},"excerpt":{"rendered":"<p>Obiectivelor \u0219tiin\u021bifice \u0219i propuneri pentru rezolvarea diverselor probleme adresate \u00eembun\u0103t\u0103\u021birii func\u021bion\u0103rii laboratoarelor industriale sau specializate<\/p>\n","protected":false},"author":1,"featured_media":239,"parent":0,"menu_order":27,"comment_status":"closed","ping_status":"closed","template":"","meta":{"footnotes":""},"class_list":["post-238","page","type-page","status-publish","has-post-thumbnail","hentry"],"_links":{"self":[{"href":"https:\/\/noveltechcenter.eu\/ro\/wp-json\/wp\/v2\/pages\/238","targetHints":{"allow":["GET"]}}],"collection":[{"href":"https:\/\/noveltechcenter.eu\/ro\/wp-json\/wp\/v2\/pages"}],"about":[{"href":"https:\/\/noveltechcenter.eu\/ro\/wp-json\/wp\/v2\/types\/page"}],"author":[{"embeddable":true,"href":"https:\/\/noveltechcenter.eu\/ro\/wp-json\/wp\/v2\/users\/1"}],"replies":[{"embeddable":true,"href":"https:\/\/noveltechcenter.eu\/ro\/wp-json\/wp\/v2\/comments?post=238"}],"version-history":[{"count":2,"href":"https:\/\/noveltechcenter.eu\/ro\/wp-json\/wp\/v2\/pages\/238\/revisions"}],"predecessor-version":[{"id":311,"href":"https:\/\/noveltechcenter.eu\/ro\/wp-json\/wp\/v2\/pages\/238\/revisions\/311"}],"wp:featuredmedia":[{"embeddable":true,"href":"https:\/\/noveltechcenter.eu\/ro\/wp-json\/wp\/v2\/media\/239"}],"wp:attachment":[{"href":"https:\/\/noveltechcenter.eu\/ro\/wp-json\/wp\/v2\/media?parent=238"}],"curies":[{"name":"wp","href":"https:\/\/api.w.org\/{rel}","templated":true}]}}