{"id":25,"date":"2016-07-24T00:47:42","date_gmt":"2016-07-23T21:47:42","guid":{"rendered":"http:\/\/new.noveltechcenter.eu\/?page_id=25"},"modified":"2021-02-22T10:55:49","modified_gmt":"2021-02-22T08:55:49","slug":"services","status":"publish","type":"page","link":"https:\/\/noveltechcenter.eu\/ro\/services\/","title":{"rendered":"Servicii"},"content":{"rendered":"<p><img loading=\"lazy\" decoding=\"async\" class=\"aligncenter size-full wp-image-52\" src=\"http:\/\/new.noveltechcenter.eu\/wp-content\/uploads\/2016\/07\/technologies.jpg\" alt=\"technologies\" width=\"1200\" height=\"600\" srcset=\"https:\/\/noveltechcenter.eu\/wp-content\/uploads\/2016\/07\/technologies.jpg 1200w, https:\/\/noveltechcenter.eu\/wp-content\/uploads\/2016\/07\/technologies-300x150.jpg 300w, https:\/\/noveltechcenter.eu\/wp-content\/uploads\/2016\/07\/technologies-768x384.jpg 768w, https:\/\/noveltechcenter.eu\/wp-content\/uploads\/2016\/07\/technologies-1024x512.jpg 1024w\" sizes=\"auto, (max-width: 1200px) 100vw, 1200px\" \/><\/p>\n<h3><\/h3>\n<p style=\"text-align: justify;\">&nbsp; &nbsp;Novel Technologies Center este o companie care face leg\u0103tura \u00eentre cercetare \u0219i aplicarea rezultatelor ob\u021binute stilului de via\u021b\u0103 modern. Scopul s\u0103u este de a integra inova\u021bia \u00een via\u021ba de zi cu zi, profit\u00e2nd de avantajele progresului \u0219tiin\u021bific.<\/p>\n<h3><\/h3>\n<p>Compania activeaz\u0103 \u00een urm\u0103toarele domenii:<br \/>\n\u2022&nbsp;cercetarea \u0219i ob\u021binerea de noi materiale eficiente energetic prin exploatarea progresului \u0219tiin\u021bific la scar\u0103 nano;<\/p>\n<p>\u2022&nbsp;integrarea noilor materiale \u00een domeniul construc\u021biilor;<\/p>\n<p>\u2022&nbsp;stabilirea unor noi proceduri \u0219i metodologii;<\/p>\n<p>\u2022&nbsp;consultan\u021b\u0103 \u0219tiin\u021bific\u0103.<\/p>\n<h3><\/h3>\n<p style=\"text-align: justify;\">Principalele obiective ale activit\u0103\u021bi de cercetare \u00een cadrul departamentului R&amp;D al companiei Novel Tech se concentreaz\u0103 \u00een special pe nanotehnologie \u0219i nanomateriale, \u0219i pe evaluarea practicilor existente la ora actual\u0103 \u0219i a rezultatelor ob\u021binute. Caracterizarea complet\u0103 a materialelor este realizat\u0103 cu scopul de a le investiga propriet\u0103\u021bile \u0219i a le adapta cerin\u021belor \u00een domeniul de interes sau standardelor dorite. Folosind expertiz\u0103 tehnico-economic\u0103, scopul este de a extrage cele mai eficiente metode de a produce produse finite noi.<\/p>\n<h3><\/h3>\n<p style=\"text-align: justify;\"><img loading=\"lazy\" decoding=\"async\" class=\"size-full wp-image-236 alignleft\" src=\"http:\/\/new.noveltechcenter.eu\/wp-content\/uploads\/2016\/07\/research-development.jpg\" alt=\"research-development\" width=\"231\" height=\"148\">Mai mult, Novel Tech ofer\u0103 solu\u021bii cheie pentru modernizarea \u0219i renovarea laboratoarelor deja aflate \u00een uz, sau proiectarea \u0219i dotarea laboratoarelor noi, \u00eencep\u00e2nd cu mobilierul necesar \u0219i aparatura de baz\u0103, p\u00e2n\u0103 la recomandarea instrumenta\u021biei analitice complexe. \u00cen plus, Novel Tech ofer\u0103 consultan\u021b\u0103 pentru actualizarea infrastructurii existente cu scopul de a \u00eembun\u0103t\u0103\u021bi utilitatea vechiului laborator, conferindu-i siguran\u021b\u0103, flexibilitate \u0219i o productivitate sporit\u0103. Utilizarea \u201earhitecturii deschise\u201d, este adoptat\u0103 pentru a facilita ad\u0103ugarea, modernizarea \u0219i schimbarea componentelor \u0219i se poate aplica de asemenea \u0219i \u00een cazul majorit\u0103\u021bii laboratoarelor. De exemplu, cu o investi\u021bie minim\u0103, un laborator chimic sau biologic poate fi modificat pentru a deveni un laborator de caracterizare a materialor sau laborator metalografic \u0219i viceversa.<\/p>\n<h3><\/h3>\n<p>C\u00e2teva dintre interven\u021biile necesare pentru dotarea unui laborator modern \u0219i eficient sunt prezentate mai jos:<\/p>\n<p style=\"text-align: justify;\">\u2022 asigurarea instala\u021biilor sanitare \u0219i electrice \u00een conformitate cu cerin\u021bele tehnice;<\/p>\n<p style=\"text-align: justify;\">\u2022 sisteme de climatizare si ventila\u021bie pentru un mediu confortabil \u0219i s\u0103n\u0103tos;<\/p>\n<p style=\"text-align: justify;\">\u2022&nbsp;instala\u021biile de gaze industrial sub presiune respect condi\u021biile de siguran\u021b\u0103 \u0219i sunt \u00een conformitate&nbsp; cu nevoile utilizatorului final;<\/p>\n<p style=\"text-align: justify;\">\u2022&nbsp;echipament de laborator;<\/p>\n<p style=\"text-align: justify;\">\u2022&nbsp;echipament de analiz\u0103 specializat\u0103 pentru cercetare avansat\u0103;<\/p>\n<p style=\"text-align: justify;\">\u2022&nbsp;protec\u021bie \u00eempotriva incendiilor \u0219i depozitarea materialor periculoase \u00een condi\u021bii de siguran\u021b\u0103;<\/p>\n<p style=\"text-align: justify;\">\u2022&nbsp;respectarea regulamentelor \u0219i a legisla\u021biei \u00een vigoare.<\/p>\n<h3><\/h3>\n<p style=\"text-align: justify;\">Compania poate ac\u021biona de asemenea ca \u0219i consilier \u0219tiin\u021bific, efectu\u00e2nd evaluarea obiectivelor \u0219tiin\u021bifice ale clientului \u0219i furniz\u00e2nd propuneri pentru rezolvarea diverselor probleme adresate \u00eembun\u0103t\u0103\u021birii func\u021bion\u0103rii laboratoarelor industriale sau specializate. Personalul nostru este format din profesioni\u0219ti ce posed\u0103 o experien\u021b\u0103 semnificativ\u0103 \u00een domeniile men\u021bionate, experien\u021b\u0103 dovedit\u0103 prin contribu\u021bii \u0219tiin\u021bifice \u00een publica\u021bii interna\u021bionale de specialitate, cum ar fi:<\/p>\n<p style=\"text-align: justify;\">\u2022&nbsp;manipularea de\u0219eurilor, studii pentru reducerea, depozitarea regulamentar\u0103 \u0219i tratarea de\u0219eurilor;<\/p>\n<p style=\"text-align: justify;\">\u2022&nbsp;probleme pe linia de produc\u021bie (discrepan\u021be \u00een calitate, abatere de la standarde);<\/p>\n<p style=\"text-align: justify;\">\u2022&nbsp;configurarea unui nou laborator, \u00eendeplinirea obiectivelor sale ini\u021biale;<\/p>\n<p style=\"text-align: justify;\">\u2022&nbsp;\u00eentre\u021binerea \u0219i calibrarea aparaturii de laborator.<\/p>\n<p><\/p>","protected":false},"excerpt":{"rendered":"<p>&nbsp; &nbsp;Novel Technologies Center este o companie care face leg\u0103tura \u00eentre cercetare \u0219i aplicarea rezultatelor ob\u021binute stilului de via\u021b\u0103 modern. Scopul s\u0103u este de a integra inova\u021bia \u00een via\u021ba de zi cu zi, profit\u00e2nd de avantajele progresului \u0219tiin\u021bific. Compania activeaz\u0103 \u00een urm\u0103toarele domenii: \u2022&nbsp;cercetarea \u0219i ob\u021binerea de noi materiale eficiente energetic prin exploatarea progresului \u0219tiin\u021bific [&hellip;]<\/p>\n","protected":false},"author":1,"featured_media":498,"parent":0,"menu_order":29,"comment_status":"closed","ping_status":"closed","template":"","meta":{"footnotes":""},"class_list":["post-25","page","type-page","status-publish","has-post-thumbnail","hentry"],"_links":{"self":[{"href":"https:\/\/noveltechcenter.eu\/ro\/wp-json\/wp\/v2\/pages\/25","targetHints":{"allow":["GET"]}}],"collection":[{"href":"https:\/\/noveltechcenter.eu\/ro\/wp-json\/wp\/v2\/pages"}],"about":[{"href":"https:\/\/noveltechcenter.eu\/ro\/wp-json\/wp\/v2\/types\/page"}],"author":[{"embeddable":true,"href":"https:\/\/noveltechcenter.eu\/ro\/wp-json\/wp\/v2\/users\/1"}],"replies":[{"embeddable":true,"href":"https:\/\/noveltechcenter.eu\/ro\/wp-json\/wp\/v2\/comments?post=25"}],"version-history":[{"count":69,"href":"https:\/\/noveltechcenter.eu\/ro\/wp-json\/wp\/v2\/pages\/25\/revisions"}],"predecessor-version":[{"id":567,"href":"https:\/\/noveltechcenter.eu\/ro\/wp-json\/wp\/v2\/pages\/25\/revisions\/567"}],"wp:featuredmedia":[{"embeddable":true,"href":"https:\/\/noveltechcenter.eu\/ro\/wp-json\/wp\/v2\/media\/498"}],"wp:attachment":[{"href":"https:\/\/noveltechcenter.eu\/ro\/wp-json\/wp\/v2\/media?parent=25"}],"curies":[{"name":"wp","href":"https:\/\/api.w.org\/{rel}","templated":true}]}}