{"id":29,"date":"2016-07-24T00:49:40","date_gmt":"2016-07-23T21:49:40","guid":{"rendered":"http:\/\/new.noveltechcenter.eu\/?page_id=29"},"modified":"2021-02-22T11:02:46","modified_gmt":"2021-02-22T09:02:46","slug":"cooperations","status":"publish","type":"page","link":"https:\/\/noveltechcenter.eu\/ro\/cooperations\/","title":{"rendered":"Cooperari"},"content":{"rendered":"<div class=\"pt-cv-wrapper\"><div class=\"pt-cv-view pt-cv-grid pt-cv-colsys\" id=\"pt-cv-view-707952fc6a\"><div data-id=\"pt-cv-page-1\" class=\"pt-cv-page\" data-cvc=\"3\"><div class=\"col-md-4 col-sm-4 col-xs-6 pt-cv-content-item pt-cv-1-col\" ><div class='pt-cv-ifield'><a href=\"https:\/\/noveltechcenter.eu\/ro\/lovibond-tintometer-groupwater-testing-germany\/\" class=\"_self pt-cv-href-thumbnail pt-cv-thumb-default\" target=\"_self\" ><img loading=\"lazy\" decoding=\"async\" width=\"150\" height=\"150\" src=\"https:\/\/noveltechcenter.eu\/wp-content\/uploads\/2016\/07\/Lovibond-150x150.png\" class=\"pt-cv-thumbnail\" alt=\"\" \/><\/a>\n<h4 class=\"pt-cv-title\"><a href=\"https:\/\/noveltechcenter.eu\/ro\/lovibond-tintometer-groupwater-testing-germany\/\" class=\"_self\" target=\"_self\" >Lovibond- Tintometer groupWater testing \u2013 Germania<\/a><\/h4>\n<div class=\"pt-cv-content\">Instrumentele de analiz\u0103 chimic\u0103 \u0219i microbiologic\u0103 a apei \u0219i a ...<br \/><div class=\"pt-cv-rmwrap\"><a href=\"https:\/\/noveltechcenter.eu\/ro\/lovibond-tintometer-groupwater-testing-germany\/\" class=\"_self pt-cv-readmore btn btn-success\" target=\"_self\">Cite\u0219te Mai Mult<\/a><\/div><\/div><\/div><\/div>\n<div class=\"col-md-4 col-sm-4 col-xs-6 pt-cv-content-item pt-cv-1-col\" ><div class='pt-cv-ifield'><a href=\"https:\/\/noveltechcenter.eu\/ro\/lovibond-tintometer-group-colour-measurement-uk\/\" class=\"_self pt-cv-href-thumbnail pt-cv-thumb-default\" target=\"_self\" ><img loading=\"lazy\" decoding=\"async\" width=\"150\" height=\"150\" src=\"https:\/\/noveltechcenter.eu\/wp-content\/uploads\/2016\/07\/Lovibond-150x150.png\" class=\"pt-cv-thumbnail\" alt=\"\" \/><\/a>\n<h4 class=\"pt-cv-title\"><a href=\"https:\/\/noveltechcenter.eu\/ro\/lovibond-tintometer-group-colour-measurement-uk\/\" class=\"_self\" target=\"_self\" >Lovibond- Tintometer group Colour measurement \u2013 UK<\/a><\/h4>\n<div class=\"pt-cv-content\">Metri culoare de toate tipurile \u0219i aplica\u021bii, instrumente de m\u0103surare ...<br \/><div class=\"pt-cv-rmwrap\"><a href=\"https:\/\/noveltechcenter.eu\/ro\/lovibond-tintometer-group-colour-measurement-uk\/\" class=\"_self pt-cv-readmore btn btn-success\" target=\"_self\">Cite\u0219te Mai Mult<\/a><\/div><\/div><\/div><\/div>\n<div class=\"col-md-4 col-sm-4 col-xs-6 pt-cv-content-item pt-cv-1-col\" ><div class='pt-cv-ifield'><a href=\"https:\/\/noveltechcenter.eu\/ro\/fungilab-barcelona\/\" class=\"_self pt-cv-href-thumbnail pt-cv-thumb-default\" target=\"_self\" ><img loading=\"lazy\" decoding=\"async\" width=\"150\" height=\"150\" src=\"https:\/\/noveltechcenter.eu\/wp-content\/uploads\/2016\/07\/Fungilab-1.jpg\" class=\"pt-cv-thumbnail\" alt=\"\" \/><\/a>\n<h4 class=\"pt-cv-title\"><a href=\"https:\/\/noveltechcenter.eu\/ro\/fungilab-barcelona\/\" class=\"_self\" target=\"_self\" >Fungilab \u2013 Barcelona<\/a><\/h4>\n<div class=\"pt-cv-content\">Viscozimetre Viscometer Rotational, viscozimetrelor cinematic, (capilar, Hoppler, cupa de curgere), ...<br \/><div class=\"pt-cv-rmwrap\"><a href=\"https:\/\/noveltechcenter.eu\/ro\/fungilab-barcelona\/\" class=\"_self pt-cv-readmore btn btn-success\" target=\"_self\">Cite\u0219te Mai Mult<\/a><\/div><\/div><\/div><\/div>\n<div class=\"col-md-4 col-sm-4 col-xs-6 pt-cv-content-item pt-cv-1-col\" ><div class='pt-cv-ifield'><a href=\"https:\/\/noveltechcenter.eu\/ro\/smi-labhut-uk\/\" class=\"_self pt-cv-href-thumbnail pt-cv-thumb-default\" target=\"_self\" ><img loading=\"lazy\" decoding=\"async\" width=\"150\" height=\"150\" src=\"https:\/\/noveltechcenter.eu\/wp-content\/uploads\/2016\/07\/Labhut.jpg\" class=\"pt-cv-thumbnail\" alt=\"\" \/><\/a>\n<h4 class=\"pt-cv-title\"><a href=\"https:\/\/noveltechcenter.eu\/ro\/smi-labhut-uk\/\" class=\"_self\" target=\"_self\" >SMI-LabHut \u2013 UK<\/a><\/h4>\n<div class=\"pt-cv-content\">Consumabile &#8211; accesorii de analiz\u0103 farmaceutic\u0103 a tuturor produc\u0103torilor, l\u0103mpi ...<br \/><div class=\"pt-cv-rmwrap\"><a href=\"https:\/\/noveltechcenter.eu\/ro\/smi-labhut-uk\/\" class=\"_self pt-cv-readmore btn btn-success\" target=\"_self\">Cite\u0219te Mai Mult<\/a><\/div><\/div><\/div><\/div>\n<div class=\"col-md-4 col-sm-4 col-xs-6 pt-cv-content-item pt-cv-1-col\" ><div class='pt-cv-ifield'><a href=\"https:\/\/noveltechcenter.eu\/ro\/optical-activity-ltd-uk\/\" class=\"_self pt-cv-href-thumbnail pt-cv-thumb-default\" target=\"_self\" ><img loading=\"lazy\" decoding=\"async\" width=\"150\" height=\"150\" src=\"https:\/\/noveltechcenter.eu\/wp-content\/uploads\/2016\/07\/Optical-Activity.jpg\" class=\"pt-cv-thumbnail\" alt=\"\" \/><\/a>\n<h4 class=\"pt-cv-title\"><a href=\"https:\/\/noveltechcenter.eu\/ro\/optical-activity-ltd-uk\/\" class=\"_self\" target=\"_self\" >Optical Activity Ltd \u2013 UK<\/a><\/h4>\n<div class=\"pt-cv-content\">Polarimetre, polarimetre speciale pentru analiza zah\u0103rului, a tuburilor cu pere\u021bi ...<br \/><div class=\"pt-cv-rmwrap\"><a href=\"https:\/\/noveltechcenter.eu\/ro\/optical-activity-ltd-uk\/\" class=\"_self pt-cv-readmore btn btn-success\" target=\"_self\">Cite\u0219te Mai Mult<\/a><\/div><\/div><\/div><\/div>\n<div class=\"col-md-4 col-sm-4 col-xs-6 pt-cv-content-item pt-cv-1-col\" ><div class='pt-cv-ifield'><a href=\"https:\/\/noveltechcenter.eu\/ro\/index-instruments-limited-uk\/\" class=\"_self pt-cv-href-thumbnail pt-cv-thumb-default\" target=\"_self\" ><img loading=\"lazy\" decoding=\"async\" width=\"150\" height=\"150\" src=\"https:\/\/noveltechcenter.eu\/wp-content\/uploads\/2016\/07\/Index-Instruments.jpg\" class=\"pt-cv-thumbnail\" alt=\"\" \/><\/a>\n<h4 class=\"pt-cv-title\"><a href=\"https:\/\/noveltechcenter.eu\/ro\/index-instruments-limited-uk\/\" class=\"_self\" target=\"_self\" >Index Instruments Limited \u2013 UK<\/a><\/h4>\n<div class=\"pt-cv-content\">Refractometre de toate tipurile: refractometre portabile, refractometre digitale, refractometre de ...<br \/><div class=\"pt-cv-rmwrap\"><a href=\"https:\/\/noveltechcenter.eu\/ro\/index-instruments-limited-uk\/\" class=\"_self pt-cv-readmore btn btn-success\" target=\"_self\">Cite\u0219te Mai Mult<\/a><\/div><\/div><\/div><\/div>\n<div class=\"col-md-4 col-sm-4 col-xs-6 pt-cv-content-item pt-cv-1-col\" ><div class='pt-cv-ifield'><a href=\"https:\/\/noveltechcenter.eu\/ro\/hirscmann-germany\/\" class=\"_self pt-cv-href-thumbnail pt-cv-thumb-default\" target=\"_self\" ><img loading=\"lazy\" decoding=\"async\" width=\"150\" height=\"150\" src=\"https:\/\/noveltechcenter.eu\/wp-content\/uploads\/2016\/07\/Hirschmann.jpg\" class=\"pt-cv-thumbnail\" alt=\"\" \/><\/a>\n<h4 class=\"pt-cv-title\"><a href=\"https:\/\/noveltechcenter.eu\/ro\/hirscmann-germany\/\" class=\"_self\" target=\"_self\" >Hirscmann \u2013 Germania<\/a><\/h4>\n<div class=\"pt-cv-content\">Distribuitoare automate, titratoare automate, aparate de dozare, sticl\u0103riei volumetrice cu ...<br \/><div class=\"pt-cv-rmwrap\"><a href=\"https:\/\/noveltechcenter.eu\/ro\/hirscmann-germany\/\" class=\"_self pt-cv-readmore btn btn-success\" target=\"_self\">Cite\u0219te Mai Mult<\/a><\/div><\/div><\/div><\/div>\n<div class=\"col-md-4 col-sm-4 col-xs-6 pt-cv-content-item pt-cv-1-col\" ><div class='pt-cv-ifield'><a href=\"https:\/\/noveltechcenter.eu\/ro\/tecnologia-difusion-iberica-tdi-spain\/\" class=\"_self pt-cv-href-thumbnail pt-cv-thumb-default\" target=\"_self\" ><img loading=\"lazy\" decoding=\"async\" width=\"150\" height=\"150\" src=\"https:\/\/noveltechcenter.eu\/wp-content\/uploads\/2016\/07\/TDI.jpg\" class=\"pt-cv-thumbnail\" alt=\"\" \/><\/a>\n<h4 class=\"pt-cv-title\"><a href=\"https:\/\/noveltechcenter.eu\/ro\/tecnologia-difusion-iberica-tdi-spain\/\" class=\"_self\" target=\"_self\" >Tecnolog\u00eda Difusi\u00f3n Ib\u00e9rica (TDI) \u2013 Spania<\/a><\/h4>\n<div class=\"pt-cv-content\">FTIR Analizoare pentru vin, FTIR UV-Vis Analizoare, NIR Analizoare de ...<br \/><div class=\"pt-cv-rmwrap\"><a href=\"https:\/\/noveltechcenter.eu\/ro\/tecnologia-difusion-iberica-tdi-spain\/\" class=\"_self pt-cv-readmore btn btn-success\" target=\"_self\">Cite\u0219te Mai Mult<\/a><\/div><\/div><\/div><\/div>\n<div class=\"col-md-4 col-sm-4 col-xs-6 pt-cv-content-item pt-cv-1-col\" ><div class='pt-cv-ifield'><a href=\"https:\/\/noveltechcenter.eu\/ro\/kern-sohn-germany\/\" class=\"_self pt-cv-href-thumbnail pt-cv-thumb-default\" target=\"_self\" ><img loading=\"lazy\" decoding=\"async\" width=\"150\" height=\"150\" src=\"https:\/\/noveltechcenter.eu\/wp-content\/uploads\/2016\/07\/Kern.jpg\" class=\"pt-cv-thumbnail\" alt=\"\" \/><\/a>\n<h4 class=\"pt-cv-title\"><a href=\"https:\/\/noveltechcenter.eu\/ro\/kern-sohn-germany\/\" class=\"_self\" target=\"_self\" >Kern- Sohn \u2013 Germania<\/a><\/h4>\n<div class=\"pt-cv-content\">De laborator (de precizie) \u0219i analitice balan\u021be, bilan\u021buri de platforme, ...<br \/><div class=\"pt-cv-rmwrap\"><a href=\"https:\/\/noveltechcenter.eu\/ro\/kern-sohn-germany\/\" class=\"_self pt-cv-readmore btn btn-success\" target=\"_self\">Cite\u0219te Mai Mult<\/a><\/div><\/div><\/div><\/div>\n<div class=\"col-md-4 col-sm-4 col-xs-6 pt-cv-content-item pt-cv-1-col\" ><div class='pt-cv-ifield'><a href=\"https:\/\/noveltechcenter.eu\/ro\/%cf%84fa-dostmann-germany\/\" class=\"_self pt-cv-href-thumbnail pt-cv-thumb-default\" target=\"_self\" ><img loading=\"lazy\" decoding=\"async\" width=\"150\" height=\"150\" src=\"https:\/\/noveltechcenter.eu\/wp-content\/uploads\/2016\/07\/TFA.jpg\" class=\"pt-cv-thumbnail\" alt=\"\" \/><\/a>\n<h4 class=\"pt-cv-title\"><a href=\"https:\/\/noveltechcenter.eu\/ro\/%cf%84fa-dostmann-germany\/\" class=\"_self\" target=\"_self\" >\u03a4fa-dostmann \u2013 Germania<\/a><\/h4>\n<div class=\"pt-cv-content\">Termometre de laborator &#8211; metri umiditate de toate tipurile, termometre ...<br \/><div class=\"pt-cv-rmwrap\"><a href=\"https:\/\/noveltechcenter.eu\/ro\/%cf%84fa-dostmann-germany\/\" class=\"_self pt-cv-readmore btn btn-success\" target=\"_self\">Cite\u0219te Mai Mult<\/a><\/div><\/div><\/div><\/div>\n<div class=\"col-md-4 col-sm-4 col-xs-6 pt-cv-content-item pt-cv-1-col\" ><div class='pt-cv-ifield'><a href=\"https:\/\/noveltechcenter.eu\/ro\/microtrac-u-s-a\/\" class=\"_self pt-cv-href-thumbnail pt-cv-thumb-default\" target=\"_self\" ><img loading=\"lazy\" decoding=\"async\" width=\"150\" height=\"150\" src=\"https:\/\/noveltechcenter.eu\/wp-content\/uploads\/2016\/07\/Mircrotrac.jpg\" class=\"pt-cv-thumbnail\" alt=\"\" \/><\/a>\n<h4 class=\"pt-cv-title\"><a href=\"https:\/\/noveltechcenter.eu\/ro\/microtrac-u-s-a\/\" class=\"_self\" target=\"_self\" >Microtrac \u2013 U.S.A.<\/a><\/h4>\n<div class=\"pt-cv-content\">Instrumente pentru m\u0103sur\u0103tori ale dimensiunilor particulelor, analiza potentialului Zeta, cu ...<br \/><div class=\"pt-cv-rmwrap\"><a href=\"https:\/\/noveltechcenter.eu\/ro\/microtrac-u-s-a\/\" class=\"_self pt-cv-readmore btn btn-success\" target=\"_self\">Cite\u0219te Mai Mult<\/a><\/div><\/div><\/div><\/div>\n<div class=\"col-md-4 col-sm-4 col-xs-6 pt-cv-content-item pt-cv-1-col\" ><div class='pt-cv-ifield'><a href=\"https:\/\/noveltechcenter.eu\/ro\/kyoto-kem-japan\/\" class=\"_self pt-cv-href-thumbnail pt-cv-thumb-default\" target=\"_self\" ><img loading=\"lazy\" decoding=\"async\" width=\"150\" height=\"150\" src=\"https:\/\/noveltechcenter.eu\/wp-content\/uploads\/2016\/07\/KEM.jpg\" class=\"pt-cv-thumbnail\" alt=\"\" \/><\/a>\n<h4 class=\"pt-cv-title\"><a href=\"https:\/\/noveltechcenter.eu\/ro\/kyoto-kem-japan\/\" class=\"_self\" target=\"_self\" >Kyoto- Kem \u2013 Japonia<\/a><\/h4>\n<div class=\"pt-cv-content\">Laborator \u0219i densitate portabile de metri, titrator automat, Karl Fischer ...<br \/><div class=\"pt-cv-rmwrap\"><a href=\"https:\/\/noveltechcenter.eu\/ro\/kyoto-kem-japan\/\" class=\"_self pt-cv-readmore btn btn-success\" target=\"_self\">Cite\u0219te Mai Mult<\/a><\/div><\/div><\/div><\/div>\n<div class=\"col-md-4 col-sm-4 col-xs-6 pt-cv-content-item pt-cv-1-col\" ><div class='pt-cv-ifield'><a href=\"https:\/\/noveltechcenter.eu\/ro\/heraeus-noblelight-germany\/\" class=\"_self pt-cv-href-thumbnail pt-cv-thumb-default\" target=\"_self\" ><img loading=\"lazy\" decoding=\"async\" width=\"150\" height=\"150\" src=\"https:\/\/noveltechcenter.eu\/wp-content\/uploads\/2016\/07\/Heraeus.jpg\" class=\"pt-cv-thumbnail\" alt=\"\" \/><\/a>\n<h4 class=\"pt-cv-title\"><a href=\"https:\/\/noveltechcenter.eu\/ro\/heraeus-noblelight-germany\/\" class=\"_self\" target=\"_self\" >Heraeus Noblelight \u2013 Germania<\/a><\/h4>\n<div class=\"pt-cv-content\">L\u0103mpi deuteriului, l\u0103mpi cu catod cavitar &#8211; pentru aproape toate ...<br \/><div class=\"pt-cv-rmwrap\"><a href=\"https:\/\/noveltechcenter.eu\/ro\/heraeus-noblelight-germany\/\" class=\"_self pt-cv-readmore btn btn-success\" target=\"_self\">Cite\u0219te Mai Mult<\/a><\/div><\/div><\/div><\/div>\n<div class=\"col-md-4 col-sm-4 col-xs-6 pt-cv-content-item pt-cv-1-col\" ><div class='pt-cv-ifield'><a href=\"https:\/\/noveltechcenter.eu\/ro\/kinematica-switzerland\/\" class=\"_self pt-cv-href-thumbnail pt-cv-thumb-default\" target=\"_self\" ><img loading=\"lazy\" decoding=\"async\" width=\"150\" height=\"150\" src=\"https:\/\/noveltechcenter.eu\/wp-content\/uploads\/2016\/07\/Kinematica.jpg\" class=\"pt-cv-thumbnail\" alt=\"\" \/><\/a>\n<h4 class=\"pt-cv-title\"><a href=\"https:\/\/noveltechcenter.eu\/ro\/kinematica-switzerland\/\" class=\"_self\" target=\"_self\" >Kinematica \u2013 Elve\u0163ia<\/a><\/h4>\n<div class=\"pt-cv-content\">Omogenizatoare de laborator \u0219i de produc\u021bie, dispersoare, mixer de laborator, ...<br \/><div class=\"pt-cv-rmwrap\"><a href=\"https:\/\/noveltechcenter.eu\/ro\/kinematica-switzerland\/\" class=\"_self pt-cv-readmore btn btn-success\" target=\"_self\">Cite\u0219te Mai Mult<\/a><\/div><\/div><\/div><\/div>\n<div class=\"col-md-4 col-sm-4 col-xs-6 pt-cv-content-item pt-cv-1-col\" ><div class='pt-cv-ifield'><a href=\"https:\/\/noveltechcenter.eu\/ro\/consort-belgium\/\" class=\"_self pt-cv-href-thumbnail pt-cv-thumb-default\" target=\"_self\" ><img loading=\"lazy\" decoding=\"async\" width=\"150\" height=\"150\" src=\"https:\/\/noveltechcenter.eu\/wp-content\/uploads\/2016\/07\/Consort.jpg\" class=\"pt-cv-thumbnail\" alt=\"\" \/><\/a>\n<h4 class=\"pt-cv-title\"><a href=\"https:\/\/noveltechcenter.eu\/ro\/consort-belgium\/\" class=\"_self\" target=\"_self\" >Consort \u2013 Belgia<\/a><\/h4>\n<div class=\"pt-cv-content\">Laborator \u0219i pH portabil metri, contoare de conductivitate, analizoare de ...<br \/><div class=\"pt-cv-rmwrap\"><a href=\"https:\/\/noveltechcenter.eu\/ro\/consort-belgium\/\" class=\"_self pt-cv-readmore btn btn-success\" target=\"_self\">Cite\u0219te Mai Mult<\/a><\/div><\/div><\/div><\/div>\n<div class=\"col-md-4 col-sm-4 col-xs-6 pt-cv-content-item pt-cv-1-col\" ><div class='pt-cv-ifield'><a href=\"https:\/\/noveltechcenter.eu\/ro\/selecta-spain\/\" class=\"_self pt-cv-href-thumbnail pt-cv-thumb-default\" target=\"_self\" ><img loading=\"lazy\" decoding=\"async\" width=\"150\" height=\"150\" src=\"https:\/\/noveltechcenter.eu\/wp-content\/uploads\/2016\/07\/Selecta.jpg\" class=\"pt-cv-thumbnail\" alt=\"\" \/><\/a>\n<h4 class=\"pt-cv-title\"><a href=\"https:\/\/noveltechcenter.eu\/ro\/selecta-spain\/\" class=\"_self\" target=\"_self\" >Selecta \u2013 Spania<\/a><\/h4>\n<div class=\"pt-cv-content\">Agitatoare magnetice cu sau f\u0103r\u0103 \u00eenc\u0103lzire, agitatoare de tip platform\u0103 ...<br \/><div class=\"pt-cv-rmwrap\"><a href=\"https:\/\/noveltechcenter.eu\/ro\/selecta-spain\/\" class=\"_self pt-cv-readmore btn btn-success\" target=\"_self\">Cite\u0219te Mai Mult<\/a><\/div><\/div><\/div><\/div>\n<div class=\"col-md-4 col-sm-4 col-xs-6 pt-cv-content-item pt-cv-1-col\" ><div class='pt-cv-ifield'><a href=\"https:\/\/noveltechcenter.eu\/ro\/labcold-uk\/\" class=\"_self pt-cv-href-thumbnail pt-cv-thumb-default\" target=\"_self\" ><img loading=\"lazy\" decoding=\"async\" width=\"150\" height=\"150\" src=\"https:\/\/noveltechcenter.eu\/wp-content\/uploads\/2016\/07\/Labcold.jpg\" class=\"pt-cv-thumbnail\" alt=\"\" \/><\/a>\n<h4 class=\"pt-cv-title\"><a href=\"https:\/\/noveltechcenter.eu\/ro\/labcold-uk\/\" class=\"_self\" target=\"_self\" >Labcold \u2013 UK<\/a><\/h4>\n<div class=\"pt-cv-content\">Laborator \u0219i farmaceutice frigidere ...<br \/><div class=\"pt-cv-rmwrap\"><a href=\"https:\/\/noveltechcenter.eu\/ro\/labcold-uk\/\" class=\"_self pt-cv-readmore btn btn-success\" target=\"_self\">Cite\u0219te Mai Mult<\/a><\/div><\/div><\/div><\/div>\n<div class=\"col-md-4 col-sm-4 col-xs-6 pt-cv-content-item pt-cv-1-col\" ><div class='pt-cv-ifield'><a href=\"https:\/\/noveltechcenter.eu\/ro\/fourtec-u-s-a\/\" class=\"_self pt-cv-href-thumbnail pt-cv-thumb-default\" target=\"_self\" ><img loading=\"lazy\" decoding=\"async\" width=\"150\" height=\"150\" src=\"https:\/\/noveltechcenter.eu\/wp-content\/uploads\/2016\/07\/Fourtec.jpg\" class=\"pt-cv-thumbnail\" alt=\"\" \/><\/a>\n<h4 class=\"pt-cv-title\"><a href=\"https:\/\/noveltechcenter.eu\/ro\/fourtec-u-s-a\/\" class=\"_self\" target=\"_self\" >Fourtec \u2013 U.S.A.<\/a><\/h4>\n<div class=\"pt-cv-content\">Data loggers ...<br \/><div class=\"pt-cv-rmwrap\"><a href=\"https:\/\/noveltechcenter.eu\/ro\/fourtec-u-s-a\/\" class=\"_self pt-cv-readmore btn btn-success\" target=\"_self\">Cite\u0219te Mai Mult<\/a><\/div><\/div><\/div><\/div>\n<div class=\"col-md-4 col-sm-4 col-xs-6 pt-cv-content-item pt-cv-1-col\" ><div class='pt-cv-ifield'><a href=\"https:\/\/noveltechcenter.eu\/ro\/chrono-log-u-s-a\/\" class=\"_self pt-cv-href-thumbnail pt-cv-thumb-default\" target=\"_self\" ><img loading=\"lazy\" decoding=\"async\" width=\"150\" height=\"150\" src=\"https:\/\/noveltechcenter.eu\/wp-content\/uploads\/2016\/07\/Chrono-log.jpg\" class=\"pt-cv-thumbnail\" alt=\"\" \/><\/a>\n<h4 class=\"pt-cv-title\"><a href=\"https:\/\/noveltechcenter.eu\/ro\/chrono-log-u-s-a\/\" class=\"_self\" target=\"_self\" >Chrono-log \u2013 U.S.A.<\/a><\/h4>\n<div class=\"pt-cv-content\">Dispozitive de m\u0103surare a probelor biologice, aparate pentru m\u0103surarea func\u021biei ...<br \/><div class=\"pt-cv-rmwrap\"><a href=\"https:\/\/noveltechcenter.eu\/ro\/chrono-log-u-s-a\/\" class=\"_self pt-cv-readmore btn btn-success\" target=\"_self\">Cite\u0219te Mai Mult<\/a><\/div><\/div><\/div><\/div>\n<div class=\"col-md-4 col-sm-4 col-xs-6 pt-cv-content-item pt-cv-1-col\" ><div class='pt-cv-ifield'><a href=\"https:\/\/noveltechcenter.eu\/ro\/witeg-germany\/\" class=\"_self pt-cv-href-thumbnail pt-cv-thumb-default\" target=\"_self\" ><img loading=\"lazy\" decoding=\"async\" width=\"150\" height=\"150\" src=\"https:\/\/noveltechcenter.eu\/wp-content\/uploads\/2016\/07\/Witeg.jpg\" class=\"pt-cv-thumbnail\" alt=\"\" \/><\/a>\n<h4 class=\"pt-cv-title\"><a href=\"https:\/\/noveltechcenter.eu\/ro\/witeg-germany\/\" class=\"_self\" target=\"_self\" >Witeg \u2013 Germania<\/a><\/h4>\n<div class=\"pt-cv-content\">Articole din sticl\u0103, sisteme speciale de construc\u021bii din sticl\u0103, echipament ...<br \/><div class=\"pt-cv-rmwrap\"><a href=\"https:\/\/noveltechcenter.eu\/ro\/witeg-germany\/\" class=\"_self pt-cv-readmore btn btn-success\" target=\"_self\">Cite\u0219te Mai Mult<\/a><\/div><\/div><\/div><\/div>\n<div class=\"col-md-4 col-sm-4 col-xs-6 pt-cv-content-item pt-cv-1-col\" ><div class='pt-cv-ifield'><a href=\"https:\/\/noveltechcenter.eu\/ro\/fisher-scientific-gmbh-germany\/\" class=\"_self pt-cv-href-thumbnail pt-cv-thumb-default\" target=\"_self\" ><img loading=\"lazy\" decoding=\"async\" width=\"150\" height=\"150\" src=\"https:\/\/noveltechcenter.eu\/wp-content\/uploads\/2016\/07\/Fisher-Scientific.jpg\" class=\"pt-cv-thumbnail\" alt=\"\" \/><\/a>\n<h4 class=\"pt-cv-title\"><a href=\"https:\/\/noveltechcenter.eu\/ro\/fisher-scientific-gmbh-germany\/\" class=\"_self\" target=\"_self\" >Fisher Scientific Gmbh &#8211; Germania<\/a><\/h4>\n<div class=\"pt-cv-content\">Echipamente de laborator generale si consumabile ...<br \/><div class=\"pt-cv-rmwrap\"><a href=\"https:\/\/noveltechcenter.eu\/ro\/fisher-scientific-gmbh-germany\/\" class=\"_self pt-cv-readmore btn btn-success\" target=\"_self\">Cite\u0219te Mai Mult<\/a><\/div><\/div><\/div><\/div>\n<div class=\"col-md-4 col-sm-4 col-xs-6 pt-cv-content-item pt-cv-1-col\" ><div class='pt-cv-ifield'><a href=\"https:\/\/noveltechcenter.eu\/ro\/mesu-lab-instruments-china\/\" class=\"_self pt-cv-href-thumbnail pt-cv-thumb-default\" target=\"_self\" ><img loading=\"lazy\" decoding=\"async\" width=\"150\" height=\"150\" src=\"https:\/\/noveltechcenter.eu\/wp-content\/uploads\/2016\/07\/MesuLab.jpg\" class=\"pt-cv-thumbnail\" alt=\"\" \/><\/a>\n<h4 class=\"pt-cv-title\"><a href=\"https:\/\/noveltechcenter.eu\/ro\/mesu-lab-instruments-china\/\" class=\"_self\" target=\"_self\" >Mesu Lab Instruments &#8211; China<\/a><\/h4>\n<div class=\"pt-cv-content\">Instrumente de laborator, medicale \u0219i de \u0219tiin\u021b\u0103 ...<br \/><div class=\"pt-cv-rmwrap\"><a href=\"https:\/\/noveltechcenter.eu\/ro\/mesu-lab-instruments-china\/\" class=\"_self pt-cv-readmore btn btn-success\" target=\"_self\">Cite\u0219te Mai Mult<\/a><\/div><\/div><\/div><\/div>\n<div class=\"col-md-4 col-sm-4 col-xs-6 pt-cv-content-item pt-cv-1-col\" ><div class='pt-cv-ifield'><a href=\"https:\/\/noveltechcenter.eu\/ro\/filafab-uk\/\" class=\"_self pt-cv-href-thumbnail pt-cv-thumb-default\" target=\"_self\" ><img loading=\"lazy\" decoding=\"async\" width=\"150\" height=\"150\" src=\"https:\/\/noveltechcenter.eu\/wp-content\/uploads\/2016\/07\/Filafab.jpg\" class=\"pt-cv-thumbnail\" alt=\"\" \/><\/a>\n<h4 class=\"pt-cv-title\"><a href=\"https:\/\/noveltechcenter.eu\/ro\/filafab-uk\/\" class=\"_self\" target=\"_self\" >Filafab &#8211; UK<\/a><\/h4>\n<div class=\"pt-cv-content\">Cu filament de imprimant\u0103 3D \u0219i sistem de \u00eenf\u0103\u0219urare ...<br \/><div class=\"pt-cv-rmwrap\"><a href=\"https:\/\/noveltechcenter.eu\/ro\/filafab-uk\/\" class=\"_self pt-cv-readmore btn btn-success\" target=\"_self\">Cite\u0219te Mai Mult<\/a><\/div><\/div><\/div><\/div><\/div><\/div><\/div>\n","protected":false},"excerpt":{"rendered":"","protected":false},"author":1,"featured_media":0,"parent":0,"menu_order":15,"comment_status":"closed","ping_status":"closed","template":"","meta":{"footnotes":""},"class_list":["post-29","page","type-page","status-publish","hentry"],"_links":{"self":[{"href":"https:\/\/noveltechcenter.eu\/ro\/wp-json\/wp\/v2\/pages\/29","targetHints":{"allow":["GET"]}}],"collection":[{"href":"https:\/\/noveltechcenter.eu\/ro\/wp-json\/wp\/v2\/pages"}],"about":[{"href":"https:\/\/noveltechcenter.eu\/ro\/wp-json\/wp\/v2\/types\/page"}],"author":[{"embeddable":true,"href":"https:\/\/noveltechcenter.eu\/ro\/wp-json\/wp\/v2\/users\/1"}],"replies":[{"embeddable":true,"href":"https:\/\/noveltechcenter.eu\/ro\/wp-json\/wp\/v2\/comments?post=29"}],"version-history":[{"count":6,"href":"https:\/\/noveltechcenter.eu\/ro\/wp-json\/wp\/v2\/pages\/29\/revisions"}],"predecessor-version":[{"id":572,"href":"https:\/\/noveltechcenter.eu\/ro\/wp-json\/wp\/v2\/pages\/29\/revisions\/572"}],"wp:attachment":[{"href":"https:\/\/noveltechcenter.eu\/ro\/wp-json\/wp\/v2\/media?parent=29"}],"curies":[{"name":"wp","href":"https:\/\/api.w.org\/{rel}","templated":true}]}}