{"id":31,"date":"2016-07-24T00:50:16","date_gmt":"2016-07-23T21:50:16","guid":{"rendered":"http:\/\/new.noveltechcenter.eu\/?page_id=31"},"modified":"2021-02-22T11:00:18","modified_gmt":"2021-02-22T09:00:18","slug":"3d-printing","status":"publish","type":"page","link":"https:\/\/noveltechcenter.eu\/ro\/3d-printing\/","title":{"rendered":"Imprimare 3D"},"content":{"rendered":"<p><\/p>\n<p style=\"text-align: justify;\"><img loading=\"lazy\" decoding=\"async\" class=\"aligncenter size-full wp-image-266\" src=\"http:\/\/new.noveltechcenter.eu\/wp-content\/uploads\/2016\/07\/3d-printing.jpg\" alt=\"3d-printing\" width=\"1680\" height=\"560\" srcset=\"https:\/\/noveltechcenter.eu\/wp-content\/uploads\/2016\/07\/3d-printing.jpg 1680w, https:\/\/noveltechcenter.eu\/wp-content\/uploads\/2016\/07\/3d-printing-300x100.jpg 300w, https:\/\/noveltechcenter.eu\/wp-content\/uploads\/2016\/07\/3d-printing-768x256.jpg 768w, https:\/\/noveltechcenter.eu\/wp-content\/uploads\/2016\/07\/3d-printing-1024x341.jpg 1024w\" sizes=\"auto, (max-width: 1680px) 100vw, 1680px\" \/><\/p>\n<p>&nbsp;<\/p>\n<p style=\"text-align: justify;\">Suntem mandri sa va prezentam cele mai versatile solu\u021bii, personalizate, eficiente, mai economice de imprimare 3D pentru profesional &#8211; uz industrial<\/p>\n<h3><\/h3>\n<h3><strong>Noveltech&nbsp;HD Combo Industrial&nbsp;Imprimant\u0103 3D<\/strong><\/h3>\n<p>&nbsp;<\/p>\n<h4 style=\"text-align: justify;\"><\/h4>\n<p style=\"text-align: justify;\">Noveltech UK Ltd a creat cea mai avansat\u0103 solu\u021bie \u00een imprimarea 3D, care se va muta la imprimarea 3D la nivel global la pasul urm\u0103tor.<\/p>\n<p>&nbsp;<\/p>\n<p style=\"text-align: justify;\">Exist\u0103 mai multe solu\u021bii diferite de imprimare 3D disponibile \u00een prezent, cu toate acestea pu\u021bini sunt destul de accesibile pentru o persoan\u0103 obi\u0219nuit\u0103 sau o afacere, care poate produce rezultate de precizie \u0219i au caracteristici flexibile, precum \u0219i modulare. Dezvoltatorii sistemului OSRC au fost \u00eentr-un loc destul de bine atunci c\u00e2nd vine vorba de buget \u0219i avea nevoie de o ma\u0219in\u0103 suficient de precis\u0103 pentru producerea de carcase \u0219i alte piese mecanice pentru linia de produse OSRC.<\/p>\n<p>&nbsp;<\/p>\n<p style=\"text-align: justify;\">Ca urmare, Ilios &#8211; a fost creat Noveltech Kit. O ma\u0219in\u0103 care este fabricat \u00een \u00eentregime din aluminiu \u0219i piese din o\u021bel c\u0103lite, care va dura mai mult dec\u00e2t orice abuz \u0219i s\u0103 ofere rezultate repetabile de fiecare dat\u0103.<\/p>\n<p>&nbsp;<\/p>\n<p style=\"text-align: justify;\">Cu toate c\u0103 modul \u00een care sunt create cele mai multe modele 3D pot varia \u0219i tehnici pot p\u0103rea diferite, modele destul de mari \u0219i precise suficient sunt foarte greu de fabricat dec\u00e2t dac\u0103 un buget solid este disponibil.<\/p>\n<p style=\"text-align: justify;\">Cele mai multe imprimante SLA (Stereolithography) 3D disponibile pentru un buget redus, se poate produce doar obiecte mici, iar ma\u0219inile \u00een sine sunt destul de limitate atunci c\u00e2nd vine vorba de modific\u0103ri rapide \u0219i modific\u0103ri.<\/p>\n<p>&nbsp;<\/p>\n<p style=\"text-align: justify;\">llios- Noveltech a fost creat \u00een a\u0219a fel, \u00eenc\u00e2t s\u0103 poat\u0103 fi asamblate la fel de u\u0219or ca \u0219i o pies\u0103 de mobilier \u0219i lkea modificat cu simpla rearanjare a pieselor. In plus, zona de construc\u021bie pot fi ajustate pentru obiecte mici, c\u00e2t \u0219i cele mari. Precizia de mi\u0219care, de cuplu \u0219i de alte caracteristici sunt interschimbabile \u0219i pot fi g\u0103site cu u\u0219urin\u021b\u0103 \u00een aproape orice resurs\u0103 care a fost f\u0103cut\u0103 ini\u021bial pentru prelucrare CNC.<\/p>\n<p>&nbsp;<\/p>\n<h4 style=\"text-align: justify;\">Caracteristici Cheie<\/h4>\n<p style=\"text-align: justify;\"><strong>Mi\u0219carea<\/strong><\/p>\n<p style=\"text-align: justify;\"><img loading=\"lazy\" decoding=\"async\" class=\"size-medium wp-image-289 alignleft\" src=\"http:\/\/new.noveltechcenter.eu\/wp-content\/uploads\/2016\/07\/slider_closeup1-251x300.jpg\" alt=\"slider_closeup1\" width=\"251\" height=\"300\" srcset=\"https:\/\/noveltechcenter.eu\/wp-content\/uploads\/2016\/07\/slider_closeup1-251x300.jpg 251w, https:\/\/noveltechcenter.eu\/wp-content\/uploads\/2016\/07\/slider_closeup1.jpg 502w\" sizes=\"auto, (max-width: 251px) 100vw, 251px\" \/>Una dintre cele mai importante p\u0103r\u021bi pentru orice 30 de imprimant\u0103 este propunerea. C\u00e2t de corect se poate muta \u00een orice loca\u021bie, f\u0103r\u0103 a pierde din calea sa \u0219i men\u021bin\u00e2nd distan\u021bele c\u00e2t mai aproape de ceea ce computerul crede c\u0103 sunt.&nbsp;Acest lucru devine deosebit de important atunci c\u00e2nd construirea unui model de 30 \u00een cazul \u00een care fiecare milimetru sau chiar un microni poate face o diferen\u021b\u0103 pentru rezultatul final \u0219i dimensiunile corecte sunt tot ceea ce conteaz\u0103, atunci c\u00e2nd construi\u021bi o parte mecanic\u0103.<\/p>\n<p>&nbsp;<\/p>\n<p style=\"text-align: justify;\">Fusurile utilizate \u00een llios &#8211; Kit Noveltech sunt realizate din metal dur \u0219i lustruit la un finisaj oglind\u0103. Toate conexiunile f\u0103cute \u00eentre mi\u0219care \u0219i suprafa\u021ba static\u0103 a ma\u0219inii sunt transferate prin rulmen\u021bi cu bile \u0219i s\u0103 produc\u0103 mi\u0219c\u0103ri rigide \u0219i exacte.<\/p>\n<p>&nbsp;<\/p>\n<p style=\"text-align: justify;\">Pe l\u00e2ng\u0103 faptul c\u0103 ansamblul modelului de ridicare este de\u021binut de fusurilor rulment, care, \u00een cele mai multe cazuri, ar fi de ajuns, este, de asemenea \u021binut de dou\u0103 slide-uri cu bile rulment.<\/p>\n<p>&nbsp;<\/p>\n<p style=\"text-align: justify;\">\u00cempreun\u0103, mi\u0219carea care este produs\u0103 este at\u00e2t de rigid \u00eenc\u00e2t nu exist\u0103 practic nici un flex (deviere de la calea predefinit\u0103), \u00een mi\u0219carea atunci c\u00e2nd se aplic\u0103 for\u021be opuse.<\/p>\n<p>&nbsp;<\/p>\n<p style=\"text-align: justify;\">\u00cen afar\u0103 de mi\u0219care extrem de precis\u0103, un alt factor este la fel de important. Reculul a mi\u0219c\u0103rii poate \u00eensemna totul c\u00e2nd este vorba de 30 de imprimare. Din moment ce fiecare strat este construit cu o mi\u0219care constant\u0103 a ascensorului \u00eenainte \u0219i \u00eenapoi, \u00een cazul \u00een care mi\u0219carea aceasta de sine nu poate veni la acela\u0219i loc de fiecare dat\u0103 \u0219i se abate, chiar \u0219i cu o sum\u0103 infim\u0103, \u00eentreaga construc\u021bie nu trebuie s\u0103 mai fie exacte, indiferent c\u00e2t de bine restul echipamentului este. Este aceast\u0103 acurate\u021be a repetat c\u0103 este ceea ce prevede llios- Noveltech Kit-ul \u0219i creeaz\u0103 o piatr\u0103 de temelie solid\u0103 pentru restul procesului de construc\u021bie.<\/p>\n<p>&nbsp;<\/p>\n<p style=\"text-align: justify;\"><strong>Controlul motorului si software<\/strong><\/p>\n<p>&nbsp;<\/p>\n<p style=\"text-align: justify;\"><img loading=\"lazy\" decoding=\"async\" class=\"size-medium wp-image-288 alignright\" src=\"http:\/\/new.noveltechcenter.eu\/wp-content\/uploads\/2016\/07\/motor_closeup2-300x287.jpg\" alt=\"motor_closeup2\" width=\"300\" height=\"287\" srcset=\"https:\/\/noveltechcenter.eu\/wp-content\/uploads\/2016\/07\/motor_closeup2-300x287.jpg 300w, https:\/\/noveltechcenter.eu\/wp-content\/uploads\/2016\/07\/motor_closeup2.jpg 600w\" sizes=\"auto, (max-width: 300px) 100vw, 300px\" \/>Ca o comunitate Open Source, ne place s\u0103 profite de toate minunile pe care al\u021bii contribuie la cauza \u0219i de a ajuta, \u00een schimb, cu acela\u0219i entuziasm. Controlul asupra mi\u0219c\u0103rii llios nu este diferit de la o ma\u0219in\u0103 tipic\u0103 CNC, deoarece componentele electronice \u0219i de motoare, precum \u0219i software-ul, provine din aceea\u0219i familie. Cu toate componentele pot parea destul de tipic, este combina\u021bia \u0219i cooperarea \u00een ordinea corect\u0103, care face 30 de imprimare posibila lor.<\/p>\n<p>&nbsp;<\/p>\n<p style=\"text-align: justify;\">Ilios &#8211; Noveltech Kit-ul ofer\u0103 2 propuneri separate cu ajutorul de la 3 motoare. Cele dou\u0103 motoare sunt folosite pentru a lucra \u00eempreun\u0103 \u0219i ridica\u021bi platforma construi din material.&nbsp;Motorul de-al treilea este utilizat pentru a \u00eenclina containerul pentru material \u0219i se deta\u0219eaz\u0103 fiecare strat de suprafa\u021b\u0103, f\u0103r\u0103 a for\u021ba sau de distrugere a stratului it de sine. Este aceast\u0103 combina\u021bie de ridicare, \u00eenclinare \u0219i proiec\u021bie, care ofer\u0103 rezultate netede \u0219i creeaz\u0103 cel mai bun model posibil.<\/p>\n<p>&nbsp;<\/p>\n<p style=\"text-align: justify;\">La fel ca \u0219i restul Kit Ilios de baz\u0103, de asemenea, este posibil s\u0103 se schimbe configura\u021bia motorului implicit \u0219i montarea diferitelor tipuri de dispozitive electronice, chiar \u0219i o mai mare rezolu\u021bie. Cu chiar setarea implicit\u0103 cu toate acestea, rezolu\u021bia pe care aparatul este capabil, nu este utilizat pe deplin. Pentru a explica mai bine acest lucru aici este o mic\u0103 descriere a modului \u00een care aceasta func\u021bioneaz\u0103.<\/p>\n<p>&nbsp;<\/p>\n<p style=\"text-align: justify;\">Pitch a axului de ridicare este 2.5mm. Acest lucru \u00eenseamn\u0103 c\u0103 pentru fiecare rota\u021bie complet\u0103 a axului, se ridic\u0103 2.5mm platforma. Motoarele implicite pas cu pas, care vin cu kit-ul HD llios poate produce 200 de pa\u0219i pe rota\u021bie. Acest lucru \u00eenseamn\u0103 c\u0103 fiecare pas motorul va face, acesta va ridica modelul 0.0125mm sau de 12,5 microni. O rezolu\u021bie de 12 microni pe strat este mult mai mare dec\u00e2t oricine ar avea nevoie vreodat\u0103 de c\u00e2nd dimensiunea implicit\u0103 a stratului construi este aproape \u00eentotdeauna setat la 0.1mm prin software-ul (care pot fi modificate \u00een mod liber). Cu toate acestea, din moment ce componentele electronice ale motorului sunt capabile s\u0103 ating\u0103 microstepping, fiecare motor poate face p\u00e2n\u0103 la 1\/16 unei etape, ceea ce duce la 3200 de pa\u0219i pe rota\u021bie. F\u0103r\u0103 a face matematica pe care deja se poate observa c\u0103 rezolu\u021bia care poate fi atins este pur \u0219i simplu prea mare pentru oricine avea nevoie vreodat\u0103. Exist\u0103, \u00een mod natural sunt dezavantaje la fiecare configura\u021bie \u0219i beneficii, care sunt diferite pentru fiecare aplica\u021bie.<\/p>\n<p>&nbsp;<\/p>\n<p style=\"text-align: justify;\"><strong>Cadrul de proiec\u021bie<\/strong><\/p>\n<p>&nbsp;<\/p>\n<p style=\"text-align: justify;\"><img loading=\"lazy\" decoding=\"async\" class=\"size-medium wp-image-320 alignleft\" src=\"http:\/\/new.noveltechcenter.eu\/wp-content\/uploads\/2016\/07\/projector_alignment-213x300.jpg\" alt=\"projector_alignment\" width=\"213\" height=\"300\" srcset=\"https:\/\/noveltechcenter.eu\/wp-content\/uploads\/2016\/07\/projector_alignment-213x300.jpg 213w, https:\/\/noveltechcenter.eu\/wp-content\/uploads\/2016\/07\/projector_alignment.jpg 599w\" sizes=\"auto, (max-width: 213px) 100vw, 213px\" \/>Proiec\u021bia stratului este \u00eenc\u0103 un alt factor important care poate distinge un model detaliat dintr-o foarte s\u0103rac\u0103. Pe baza bugetului t\u0103u ave\u021bi posibilitatea de a alege ce tip de obiecte Kit lei trebuie s\u0103 fie de construc\u021bie \u0219i f\u0103r\u0103 timp de multe modific\u0103ri consumatoare, ajusta\u021bi-l \u00een mod corespunz\u0103tor.<\/p>\n<p>&nbsp;<\/p>\n<p style=\"text-align: justify;\">Spre deosebire de cele mai multe solu\u021bii similare de imprimare 3D, la llios &#8211; Kit Noveltech v\u0103 ofer\u0103 posibilitatea de a utiliza nu doar una, ci dou\u0103 proiectoare \u00een acela\u0219i spa\u021biu de ma\u0219ini, \u00een cre\u0219tere zona de construc\u021bie \u0219i de calitate, chiar mai mult. Pentru cei care au nevoie cel mai mult de la o imprimant\u0103 3D, acest lucru poate deveni crucial\u0103 \u0219i face diferen\u021ba atunci c\u00e2nd se creeaz\u0103 un rezultat final.<\/p>\n<p style=\"text-align: justify;\">Ca \u00eentotdeauna, ne place s\u0103 inoveze \u00een tot ceea ce facem \u0219i suprafe\u021be de proiec\u021bie multiple este doar una dintre inovatiile pe care le folosim pentru a realiza obiectivul nostru.<\/p>\n<p>&nbsp;<\/p>\n<p style=\"text-align: justify;\"><strong>Ce este nou &amp; diferi\u021bi din kit-ul de baz\u0103 \u0219i Combo<\/strong><\/p>\n<p>&nbsp;<\/p>\n<p style=\"text-align: justify;\">Exist\u0103 4 aspecte principale pe care imprimanta NEW Ilios 3D ia \u00een considerare. Zona mare Build, rigid pentru constructii, componente de mare precizie, versatil \u0219i personalizabile Design.<\/p>\n<p>&nbsp;<\/p>\n<p style=\"text-align: justify;\">Noile \u00eembun\u0103t\u0103\u021biri de specifica\u021bii:<\/p>\n<p>&nbsp;<\/p>\n<p style=\"text-align: justify;\">1. 2 X VATASCENSOARE PENTRU FIECARE personalizabil\u0103 PROIECTARE<\/p>\n<p style=\"text-align: justify;\">\u2022 axa Z complet cu bile ac\u021bionat pe 2 lame separate<\/p>\n<p style=\"text-align: justify;\">\u2022 axa Z bazate pe Precizie ridicat\u0103 slide-uri liniare<\/p>\n<p style=\"text-align: justify;\">\u2022 axa Z ac\u021bionat pe ambele capete pentru o mai mare fiabilitateaxis driven on both ends for greater reliability<\/p>\n<p style=\"text-align: justify;\">\u2022 Z axa Se repet\u0103 precizia (acurate\u021bea nu real\u0103, care este mai mare) mai mic\u0103<\/p>\n<p style=\"text-align: justify;\">\u2022 Zona Build personalizabil\u0103<\/p>\n<p style=\"text-align: justify;\">\u2022 Grosimea stratului de 5 microni (cu un 200 pas de baz\u0103 pentru fiecare motor de revolu\u021bie)<\/p>\n<p style=\"text-align: justify;\">\u2022&nbsp;VAT Materialul deplasabil pe un tobogan separat pentru prelate \u0219i \u00eendep\u0103rtarea<\/p>\n<p style=\"text-align: justify;\">\u2022 Camere de p\u00e2n\u0103 la 2 x 1080p proiectoare DLP pentru un rezultat Split-Screen<\/p>\n<p style=\"text-align: justify;\">\u2022 Toate Cadru de aluminiu si suport de metal pentru constructii<\/p>\n<p style=\"text-align: justify;\">\u2022 \u00centr-un sistem ca acesta, cele mai importante p\u0103r\u021bi sunt axa Z \u0219i O.O01mm efectiv\u0103 pe proiec\u021bie lungimi variabile a imaginii. Deoarece nu exist\u0103 mai multe p\u0103r\u021bi \u00een mi\u0219care ace\u0219ti doi factori trebuie s\u0103 fie la fel de fiabile \u0219i exacte.<\/p>\n<p>&nbsp;<\/p>\n<p style=\"text-align: justify;\">2. ELECTRONIC\u0102<\/p>\n<p>&nbsp;<\/p>\n<p style=\"text-align: justify;\">Exist\u0103 6 mai multe drive-uri cu motor pas cu pas \u0219i panouri de control acolo, dar cei pe care i s\u00eent folosire sunt un cuplu ridicat si au un numar mare pas pe rota\u021bie. Aici sunt specifica\u021biile ale electronicii \u00een detaliu.<\/p>\n<p>&nbsp;<\/p>\n<p style=\"text-align: justify;\">\u2022 3 x NEMA 23, cu dubl\u0103 Arbore,<\/p>\n<p style=\"text-align: justify;\">\u2022 1.8\u00b0 \/motoare pa\u0219i pe Rev<\/p>\n<p style=\"text-align: justify;\">\u2022 3 x placi unipolare conduc\u0103tor auto stepper motor<\/p>\n<p style=\"text-align: justify;\">\u2022 1x Paralel\u0103 bord Port de control<\/p>\n<p style=\"text-align: justify;\">\u20221x 24Volt 6.5Amp comutatie Alimentare<\/p>\n<p>&nbsp;<\/p>\n<p style=\"text-align: justify;\">Din moment ce laserul UV se desen pe o suprafa\u021b\u0103 mult mai mare, puteti construi modele cu dimensiunile X \u0219i Y ale 340mm x 440mm. With this setup the&nbsp;actual resolution of the X and Y axis is identical to the Z lift. Din moment ce toate mi\u0219c\u0103rile pe sistemul llios-Noveltech are o rezolu\u021bie mecanic\u0103 de 12,5 microni (0,0125 mm), cu ajutorul de la electronica se poate \u00eentinde c\u0103 la o \u0219i mai mare pas de 6 microni, dac\u0103 este necesar, f\u0103r\u0103 a pierde din rezolu\u021bie, pe care \u00eel acoper\u0103 mult zon\u0103 construi mai mare.<\/p>\n<p>&nbsp;<\/p>\n<p style=\"text-align: justify;\">Un alt avantaj al acestei configurare este c\u0103 pute\u021bi utiliza toate minunatele pachete software pe baz\u0103 de extrudare, cum ar fi MakerBot, RepRap si multe altele, din moment ce noi nu construim cu ajutorul unor proiectoare \u0219i imagini, dar cu G-Code, care este ceea ce bazeaz\u0103 toate de extrudare ma\u0219ini de utilizare.<\/p>\n<p>&nbsp;<\/p>\n<p style=\"text-align: justify;\">Acest lucru \u00eenseamn\u0103 c\u0103 ve\u021bi ob\u021bine toate rezolu\u021bia unei ma\u0219ini pe baz\u0103 de SLA sau DLP cu toate bunatatile software care sunt deja disponibile pe ma\u0219inile bazate comune de extrudare. lucruri cum ar fi interfe\u021be grafice, carduri microSD \u0219i alte caracteristici devin posibile.<\/p>\n<p>&nbsp;<\/p>\n<p style=\"text-align: justify;\">SmoothStepper Noul Noveltech este un dispozitiv de control al mi\u0219c\u0103rii care se conecteaz\u0103 la portul USB al unui computer. El accept\u0103 comenzi de la un pachet de software, cum ar fi Mach3, \u0219i s\u0103 produc\u0103 trenuri de foarte mare de impulsuri de calitate, care conduce pas cu pas \u0219i motoare de direc\u021bie.<\/p>\n<p>&nbsp;<\/p>\n<p style=\"text-align: justify;\">La acest moment singurul pachet software-ul func\u021bioneaz\u0103 cu este Mach 3, dar este planificat un kit de dezvoltare software (SDK), care v\u0103 va permite s\u0103 controleze Stepper Smooth cu software-ul propriu.<\/p>\n<p>&nbsp;<\/p>\n<p style=\"text-align: justify;\">3. MATERIALE<\/p>\n<p>&nbsp;<\/p>\n<p style=\"text-align: justify;\">In timp ce configurarea llios de baz\u0103 poate procesa doar de baz\u0103 materiale PLA \u0219i r\u0103\u0219in\u0103 simplu, imprimanta NEW Noveltech poate utiliza o gam\u0103 foarte larg\u0103 de materiale bazate pe kit-ul \u00eembun\u0103t\u0103\u021bit al modulului de tratament UV, care pot trata r\u0103\u0219ini de la 341nm la 407nm, fiind singura imprimant\u0103 \u00een lume se poate trata r\u0103\u0219ini din aceasta lungimi de und\u0103.<\/p>\n<p><img loading=\"lazy\" decoding=\"async\" class=\"size-full wp-image-322 aligncenter\" src=\"http:\/\/new.noveltechcenter.eu\/wp-content\/uploads\/2016\/07\/carbon3d_hars.png\" alt=\"carbon3d_hars\" width=\"646\" height=\"220\" srcset=\"https:\/\/noveltechcenter.eu\/wp-content\/uploads\/2016\/07\/carbon3d_hars.png 646w, https:\/\/noveltechcenter.eu\/wp-content\/uploads\/2016\/07\/carbon3d_hars-300x102.png 300w\" sizes=\"auto, (max-width: 646px) 100vw, 646px\" \/><\/p>\n<h3 style=\"text-align: justify;\"><\/h3>\n<h4 style=\"text-align: justify;\">Clien\u0163ii care<\/h4>\n<p>\u2022 BgTechno (Polania)<br \/>\n\u2022&nbsp;Red Srl (Italia)<br \/>\n\u2022&nbsp;D7 Innovation Solutions (Cipru)<br \/>\n\u2022 Zag (Slovenia)<br \/>\n\u2022&nbsp;Bergamo Technologies (Italia)<br \/>\n\u2022 Amsolutions (Grecia)<br \/>\n\u2022&nbsp;CNR (Italia)<br \/>\n\u2022&nbsp;IMF (Serbia)<br \/>\n\u2022&nbsp;Geonardo Azo (Ungaria)<br \/>\n\u2022&nbsp;Fenix TNT (Republica Ceh\u0103)<br \/>\n\u2022&nbsp;Mastforce Ltd (UK)<br \/>\n\u2022&nbsp;Innovtech Ltd (UK)<br \/>\n\u2022&nbsp;Procter Ltd (UK)<br \/>\n\u2022&nbsp;SMA Azo (Polania)<br \/>\n\u2022&nbsp;DwCoCo (Irlanda)<\/p>\n<p style=\"text-align: justify;\">\u0219i multe altele<\/p>\n<p><\/p>","protected":false},"excerpt":{"rendered":"<p>&nbsp; Suntem mandri sa va prezentam cele mai versatile solu\u021bii, personalizate, eficiente, mai economice de imprimare 3D pentru profesional &#8211; uz industrial Noveltech&nbsp;HD Combo Industrial&nbsp;Imprimant\u0103 3D &nbsp; Noveltech UK Ltd a creat cea mai avansat\u0103 solu\u021bie \u00een imprimarea 3D, care se va muta la imprimarea 3D la nivel global la pasul urm\u0103tor. &nbsp; Exist\u0103 mai [&hellip;]<\/p>\n","protected":false},"author":1,"featured_media":255,"parent":0,"menu_order":12,"comment_status":"closed","ping_status":"closed","template":"","meta":{"footnotes":""},"class_list":["post-31","page","type-page","status-publish","has-post-thumbnail","hentry"],"_links":{"self":[{"href":"https:\/\/noveltechcenter.eu\/ro\/wp-json\/wp\/v2\/pages\/31","targetHints":{"allow":["GET"]}}],"collection":[{"href":"https:\/\/noveltechcenter.eu\/ro\/wp-json\/wp\/v2\/pages"}],"about":[{"href":"https:\/\/noveltechcenter.eu\/ro\/wp-json\/wp\/v2\/types\/page"}],"author":[{"embeddable":true,"href":"https:\/\/noveltechcenter.eu\/ro\/wp-json\/wp\/v2\/users\/1"}],"replies":[{"embeddable":true,"href":"https:\/\/noveltechcenter.eu\/ro\/wp-json\/wp\/v2\/comments?post=31"}],"version-history":[{"count":70,"href":"https:\/\/noveltechcenter.eu\/ro\/wp-json\/wp\/v2\/pages\/31\/revisions"}],"predecessor-version":[{"id":571,"href":"https:\/\/noveltechcenter.eu\/ro\/wp-json\/wp\/v2\/pages\/31\/revisions\/571"}],"wp:featuredmedia":[{"embeddable":true,"href":"https:\/\/noveltechcenter.eu\/ro\/wp-json\/wp\/v2\/media\/255"}],"wp:attachment":[{"href":"https:\/\/noveltechcenter.eu\/ro\/wp-json\/wp\/v2\/media?parent=31"}],"curies":[{"name":"wp","href":"https:\/\/api.w.org\/{rel}","templated":true}]}}